{"id":518,"date":"2024-08-29T21:14:24","date_gmt":"2024-08-29T21:14:24","guid":{"rendered":"https:\/\/agentiaimpreuna.ro\/scurtpedoi\/?page_id=518"},"modified":"2024-10-07T08:55:44","modified_gmt":"2024-10-07T08:55:44","slug":"scurt-2-dictionar-de-vorbe-folosite-in-exces","status":"publish","type":"page","link":"https:\/\/agentiaimpreuna.ro\/scurtpedoi\/scurt-2-dictionar-de-vorbe-folosite-in-exces\/","title":{"rendered":"Scurt\/ 2: Dic\u021bionar de vorbe folosite \u00een exces"},"content":{"rendered":"\t\t<div data-elementor-type=\"wp-page\" data-elementor-id=\"518\" class=\"elementor elementor-518\" data-elementor-settings=\"{&quot;ha_cmc_init_switcher&quot;:&quot;no&quot;}\" data-elementor-post-type=\"page\">\n\t\t\t\t<div class=\"elementor-element elementor-element-4459f48 e-flex e-con-boxed e-con e-parent\" data-id=\"4459f48\" data-element_type=\"container\" data-settings=\"{&quot;background_background&quot;:&quot;classic&quot;,&quot;_ha_eqh_enable&quot;:false}\">\n\t\t\t\t\t<div class=\"e-con-inner\">\n\t\t<div class=\"elementor-element elementor-element-c8792f4 e-con-full e-flex e-con e-child\" data-id=\"c8792f4\" data-element_type=\"container\" data-settings=\"{&quot;_ha_eqh_enable&quot;:false}\">\n\t\t\t\t<div class=\"elementor-element elementor-element-138d253 elementor-widget elementor-widget-heading\" data-id=\"138d253\" data-element_type=\"widget\" data-widget_type=\"heading.default\">\n\t\t\t\t<div class=\"elementor-widget-container\">\n\t\t\t<style>\/*! elementor - v3.23.0 - 05-08-2024 *\/\n.elementor-heading-title{padding:0;margin:0;line-height:1}.elementor-widget-heading .elementor-heading-title[class*=elementor-size-]>a{color:inherit;font-size:inherit;line-height:inherit}.elementor-widget-heading .elementor-heading-title.elementor-size-small{font-size:15px}.elementor-widget-heading .elementor-heading-title.elementor-size-medium{font-size:19px}.elementor-widget-heading .elementor-heading-title.elementor-size-large{font-size:29px}.elementor-widget-heading .elementor-heading-title.elementor-size-xl{font-size:39px}.elementor-widget-heading .elementor-heading-title.elementor-size-xxl{font-size:59px}<\/style><h2 class=\"elementor-heading-title elementor-size-default\">Dic\u021bionar de vorbe folosite \u00een exces<\/h2>\t\t<\/div>\n\t\t\t\t<\/div>\n\t\t\t\t<div class=\"elementor-element elementor-element-e98dce6 elementor-widget elementor-widget-image\" data-id=\"e98dce6\" data-element_type=\"widget\" data-widget_type=\"image.default\">\n\t\t\t\t<div class=\"elementor-widget-container\">\n\t\t\t<style>\/*! elementor - v3.23.0 - 05-08-2024 *\/\n.elementor-widget-image{text-align:center}.elementor-widget-image a{display:inline-block}.elementor-widget-image a img[src$=\".svg\"]{width:48px}.elementor-widget-image img{vertical-align:middle;display:inline-block}<\/style>\t\t\t\t\t\t\t\t\t\t<img decoding=\"async\" src=\"https:\/\/startersites.io\/elementor\/beverr\/wp-content\/uploads\/2022\/07\/decorative-line-1.svg\" title=\"\" alt=\"\" loading=\"lazy\" \/>\t\t\t\t\t\t\t\t\t\t\t\t\t<\/div>\n\t\t\t\t<\/div>\n\t\t\t\t<\/div>\n\t\t\t\t\t<\/div>\n\t\t\t\t<\/div>\n\t\t<div class=\"elementor-element elementor-element-4f51567b e-flex e-con-boxed e-con e-parent\" data-id=\"4f51567b\" data-element_type=\"container\" data-settings=\"{&quot;_ha_eqh_enable&quot;:false}\">\n\t\t\t\t\t<div class=\"e-con-inner\">\n\t\t\t\t<div class=\"elementor-element elementor-element-365fc4db elementor-widget elementor-widget-text-editor\" data-id=\"365fc4db\" data-element_type=\"widget\" data-widget_type=\"text-editor.default\">\n\t\t\t\t<div class=\"elementor-widget-container\">\n\t\t\t<style>\/*! elementor - v3.23.0 - 05-08-2024 *\/\n.elementor-widget-text-editor.elementor-drop-cap-view-stacked .elementor-drop-cap{background-color:#69727d;color:#fff}.elementor-widget-text-editor.elementor-drop-cap-view-framed .elementor-drop-cap{color:#69727d;border:3px solid;background-color:transparent}.elementor-widget-text-editor:not(.elementor-drop-cap-view-default) .elementor-drop-cap{margin-top:8px}.elementor-widget-text-editor:not(.elementor-drop-cap-view-default) .elementor-drop-cap-letter{width:1em;height:1em}.elementor-widget-text-editor .elementor-drop-cap{float:left;text-align:center;line-height:1;font-size:50px}.elementor-widget-text-editor .elementor-drop-cap-letter{display:inline-block}<\/style>\t\t\t\t<p><!-- wp:paragraph --><\/p>\n<p>Funda\u021bia Agen\u021bia de Dezvoltare Comunitar\u0103 \u201e\u00cempreun\u0103\u201d lanseaz\u0103 campania de informare \u0219i con\u0219tientizare, \u201eSCURT\/ 2: Dic\u021bionar de vorbe folosite \u00een exces\u201d care \u00ee\u0219i dore\u0219te s\u0103 aduc\u0103 \u00een aten\u021bie concepte tot mai discutate \u00een spa\u021biul public, a c\u0103ror real\u0103 \u00eensemn\u0103tate se pierde \u00een valul de informa\u021bii \u0219i fake-news de care suntem \u00eenconjura\u021bi.\u00a0<\/p>\n<p><!-- \/wp:paragraph --><!-- wp:paragraph --><\/p>\n<p>Campania \u201eSCURT\/ 2: Dic\u021bionar de vorbe folosite \u00een exces\u201d st\u0103 sub umbrela unor pastile video, prin intermediul c\u0103rora aducem laolalt\u0103 persoane din mediul academic, profesori, cercet\u0103tori, jurnali\u0219ti, medici, influenceri, voci puternice din mediul online, care s\u0103 ne clarifice, \u00eentr-o manier\u0103 prietenoas\u0103 \u0219i concentrat\u0103, concepte frecvent utilizate \u00een via\u021ba de zi cu zi, care nu sunt abordate \u00een complexitatea lor.<\/p>\n<p>\u00cen cadrul campaniei \u201eScurt\/2: Dic\u021bionar de vorbe folosite \u00een exces\u201d au fost angrenate 10 persoane (persoane publice, cercet\u0103tori, profesori universitari, influenceri, actori, comedieni), anume:<\/p>\n<p><span style=\"font-family: inherit; font-size: inherit; font-style: inherit; font-variant-ligatures: inherit; font-variant-caps: inherit; text-align: var(--text-align); background-color: var(--theme-palette-color-7); color: var(--theme-text-color); letter-spacing: var(--theme-letter-spacing); text-transform: var(--theme-text-transform);\"><b>1.\u00a0<\/b><\/span><b style=\"font-family: inherit; font-size: inherit; font-style: inherit; font-variant-ligatures: inherit; font-variant-caps: inherit; text-align: var(--text-align); background-color: var(--theme-palette-color-7); color: var(--theme-text-color); letter-spacing: var(--theme-letter-spacing); text-transform: var(--theme-text-transform);\">Cosima Rughini\u0219<\/b><span style=\"font-family: inherit; font-size: inherit; font-style: inherit; font-variant-ligatures: inherit; font-variant-caps: inherit; font-weight: inherit; text-align: var(--text-align); background-color: var(--theme-palette-color-7); color: var(--theme-text-color); letter-spacing: var(--theme-letter-spacing); text-transform: var(--theme-text-transform);\">, prof. univ. (Facultatea de Sociologie \u0219i Asisten\u021b\u0103 Social\u0103) \u2013\u00a0<\/span><a style=\"font-family: inherit; font-size: inherit; font-style: inherit; font-variant-ligatures: inherit; font-variant-caps: inherit; font-weight: inherit; text-align: var(--text-align); background-color: var(--theme-palette-color-7); letter-spacing: var(--theme-letter-spacing); text-transform: var(--theme-text-transform);\" href=\"https:\/\/www.youtube.com\/watch?v=cWQex2s8ois&amp;t=8s\" target=\"_blank\" rel=\"noopener noreferrer nofollow\">MARGINALIZARE<\/a><\/p>\n<div><img fetchpriority=\"high\" decoding=\"async\" class=\"aligncenter wp-image-1156 size-large\" src=\"https:\/\/agentiaimpreuna.ro\/scurtpedoi\/wp-content\/uploads\/2024\/09\/Cosmina-Rughinis-1024x574.png\" alt=\"\" width=\"1024\" height=\"574\" srcset=\"https:\/\/agentiaimpreuna.ro\/scurtpedoi\/wp-content\/uploads\/2024\/09\/Cosmina-Rughinis-1024x574.png 1024w, https:\/\/agentiaimpreuna.ro\/scurtpedoi\/wp-content\/uploads\/2024\/09\/Cosmina-Rughinis-300x168.png 300w, https:\/\/agentiaimpreuna.ro\/scurtpedoi\/wp-content\/uploads\/2024\/09\/Cosmina-Rughinis-768x431.png 768w, https:\/\/agentiaimpreuna.ro\/scurtpedoi\/wp-content\/uploads\/2024\/09\/Cosmina-Rughinis-1536x861.png 1536w, https:\/\/agentiaimpreuna.ro\/scurtpedoi\/wp-content\/uploads\/2024\/09\/Cosmina-Rughinis.png 1730w\" sizes=\"(max-width: 1024px) 100vw, 1024px\" \/><br \/><b style=\"font-size: inherit; text-align: var(--text-align); color: var(--theme-text-color); font-family: inherit; font-style: inherit; font-variant-ligatures: inherit; font-variant-caps: inherit; letter-spacing: var(--theme-letter-spacing); text-transform: var(--theme-text-transform); background-color: var(--theme-palette-color-7);\">2. Alina Greavu (Aluziva)\u00a0<\/b><a style=\"font-size: inherit; text-align: var(--text-align); font-family: inherit; font-style: inherit; font-variant-ligatures: inherit; font-variant-caps: inherit; font-weight: inherit; letter-spacing: var(--theme-letter-spacing); text-transform: var(--theme-text-transform); background-color: var(--theme-palette-color-7);\" href=\"https:\/\/www.youtube.com\/watch?v=o4FR42baTmc&amp;t=1s\" target=\"_blank\" rel=\"noopener noreferrer nofollow\">INCLUZIUNE SOCIAL\u0102<\/a><\/div>\n<div><img decoding=\"async\" class=\"aligncenter wp-image-1168 size-large\" src=\"https:\/\/agentiaimpreuna.ro\/scurtpedoi\/wp-content\/uploads\/2024\/09\/Aluziva-1024x574.png\" alt=\"\" width=\"1024\" height=\"574\" srcset=\"https:\/\/agentiaimpreuna.ro\/scurtpedoi\/wp-content\/uploads\/2024\/09\/Aluziva-1024x574.png 1024w, https:\/\/agentiaimpreuna.ro\/scurtpedoi\/wp-content\/uploads\/2024\/09\/Aluziva-300x168.png 300w, https:\/\/agentiaimpreuna.ro\/scurtpedoi\/wp-content\/uploads\/2024\/09\/Aluziva-768x430.png 768w, https:\/\/agentiaimpreuna.ro\/scurtpedoi\/wp-content\/uploads\/2024\/09\/Aluziva-1536x860.png 1536w, https:\/\/agentiaimpreuna.ro\/scurtpedoi\/wp-content\/uploads\/2024\/09\/Aluziva-2048x1147.png 2048w\" sizes=\"(max-width: 1024px) 100vw, 1024px\" \/><br \/><b style=\"font-family: inherit; font-size: inherit; font-style: inherit; font-variant-ligatures: inherit; font-variant-caps: inherit; text-align: var(--text-align); background-color: var(--theme-palette-color-7); color: var(--theme-text-color); letter-spacing: var(--theme-letter-spacing); text-transform: var(--theme-text-transform);\">3. Sorin Costreie<\/b><span style=\"font-family: inherit; font-size: inherit; font-style: inherit; font-variant-ligatures: inherit; font-variant-caps: inherit; font-weight: inherit; text-align: var(--text-align); background-color: var(--theme-palette-color-7); color: var(--theme-text-color); letter-spacing: var(--theme-letter-spacing); text-transform: var(--theme-text-transform);\">, prof. univ. (Facultatea de Filosofie) \u2013\u00a0<\/span><a style=\"font-family: inherit; font-size: inherit; font-style: inherit; font-variant-ligatures: inherit; font-variant-caps: inherit; font-weight: inherit; text-align: var(--text-align); background-color: var(--theme-palette-color-7); letter-spacing: var(--theme-letter-spacing); text-transform: var(--theme-text-transform);\" href=\"https:\/\/www.youtube.com\/watch?v=0wYE8YUi62U&amp;t=10s\" target=\"_blank\" rel=\"noopener noreferrer nofollow\">NA\u021aIONALISM<\/a><span style=\"font-family: inherit; font-size: inherit; font-style: inherit; font-variant-ligatures: inherit; font-variant-caps: inherit; font-weight: inherit; text-align: var(--text-align); background-color: var(--theme-palette-color-7); color: var(--theme-text-color); letter-spacing: var(--theme-letter-spacing); text-transform: var(--theme-text-transform);\">;<\/span><\/div>\n<div><img decoding=\"async\" class=\"aligncenter wp-image-1172 size-large\" src=\"https:\/\/agentiaimpreuna.ro\/scurtpedoi\/wp-content\/uploads\/2024\/09\/Sorin-Costreie-1024x560.png\" alt=\"\" width=\"1024\" height=\"560\" srcset=\"https:\/\/agentiaimpreuna.ro\/scurtpedoi\/wp-content\/uploads\/2024\/09\/Sorin-Costreie-1024x560.png 1024w, https:\/\/agentiaimpreuna.ro\/scurtpedoi\/wp-content\/uploads\/2024\/09\/Sorin-Costreie-300x164.png 300w, https:\/\/agentiaimpreuna.ro\/scurtpedoi\/wp-content\/uploads\/2024\/09\/Sorin-Costreie-768x420.png 768w, https:\/\/agentiaimpreuna.ro\/scurtpedoi\/wp-content\/uploads\/2024\/09\/Sorin-Costreie-1536x840.png 1536w, https:\/\/agentiaimpreuna.ro\/scurtpedoi\/wp-content\/uploads\/2024\/09\/Sorin-Costreie-2048x1120.png 2048w\" sizes=\"(max-width: 1024px) 100vw, 1024px\" \/><\/div>\n<p><b>4. Katia Pascariu<\/b>, actri\u021b\u0103 &#8211;\u00a0<a href=\"https:\/\/www.youtube.com\/watch?v=wFdz0OQpj34&amp;t=18s\" target=\"_blank\" rel=\"noopener noreferrer nofollow\">CENZUR\u0102<\/a>;<img loading=\"lazy\" decoding=\"async\" class=\"aligncenter wp-image-1175 size-large\" src=\"https:\/\/agentiaimpreuna.ro\/scurtpedoi\/wp-content\/uploads\/2024\/09\/Katia-Pascariu-1024x590.png\" alt=\"\" width=\"1024\" height=\"590\" srcset=\"https:\/\/agentiaimpreuna.ro\/scurtpedoi\/wp-content\/uploads\/2024\/09\/Katia-Pascariu-1024x590.png 1024w, https:\/\/agentiaimpreuna.ro\/scurtpedoi\/wp-content\/uploads\/2024\/09\/Katia-Pascariu-300x173.png 300w, https:\/\/agentiaimpreuna.ro\/scurtpedoi\/wp-content\/uploads\/2024\/09\/Katia-Pascariu-768x443.png 768w, https:\/\/agentiaimpreuna.ro\/scurtpedoi\/wp-content\/uploads\/2024\/09\/Katia-Pascariu-1536x885.png 1536w, https:\/\/agentiaimpreuna.ro\/scurtpedoi\/wp-content\/uploads\/2024\/09\/Katia-Pascariu-2048x1181.png 2048w\" sizes=\"(max-width: 1024px) 100vw, 1024px\" \/><\/p>\n<p><b>5. Alexandru Dincovici<\/b>, prof. univ., antropolog \u2013\u00a0<a href=\"https:\/\/www.youtube.com\/watch?v=MVrQ3GRoj5o&amp;t=20s\" target=\"_blank\" rel=\"noopener noreferrer nofollow\">INTERSEC\u021aIONALITATE<\/a>;<img loading=\"lazy\" decoding=\"async\" class=\"aligncenter wp-image-1178 size-large\" src=\"https:\/\/agentiaimpreuna.ro\/scurtpedoi\/wp-content\/uploads\/2024\/09\/Snip20240910_1-1024x614.png\" alt=\"\" width=\"1024\" height=\"614\" srcset=\"https:\/\/agentiaimpreuna.ro\/scurtpedoi\/wp-content\/uploads\/2024\/09\/Snip20240910_1-1024x614.png 1024w, https:\/\/agentiaimpreuna.ro\/scurtpedoi\/wp-content\/uploads\/2024\/09\/Snip20240910_1-300x180.png 300w, https:\/\/agentiaimpreuna.ro\/scurtpedoi\/wp-content\/uploads\/2024\/09\/Snip20240910_1-768x460.png 768w, https:\/\/agentiaimpreuna.ro\/scurtpedoi\/wp-content\/uploads\/2024\/09\/Snip20240910_1-1536x920.png 1536w, https:\/\/agentiaimpreuna.ro\/scurtpedoi\/wp-content\/uploads\/2024\/09\/Snip20240910_1-2048x1227.png 2048w\" sizes=\"(max-width: 1024px) 100vw, 1024px\" \/><\/p>\n<p><b>6. Anca Nedelcu<\/b>, prof.univ. (Facultatea de Psihologie) \u2013\u00a0<a href=\"https:\/\/www.youtube.com\/watch?v=i0I-kc-RQyo&amp;t=8s\" target=\"_blank\" rel=\"noopener noreferrer nofollow\">EMPATIE<\/a>;<img loading=\"lazy\" decoding=\"async\" class=\"aligncenter wp-image-1199 size-large\" src=\"https:\/\/agentiaimpreuna.ro\/scurtpedoi\/wp-content\/uploads\/2024\/09\/Snip20240912_1-1024x571.png\" alt=\"\" width=\"1024\" height=\"571\" srcset=\"https:\/\/agentiaimpreuna.ro\/scurtpedoi\/wp-content\/uploads\/2024\/09\/Snip20240912_1-1024x571.png 1024w, https:\/\/agentiaimpreuna.ro\/scurtpedoi\/wp-content\/uploads\/2024\/09\/Snip20240912_1-300x167.png 300w, https:\/\/agentiaimpreuna.ro\/scurtpedoi\/wp-content\/uploads\/2024\/09\/Snip20240912_1-768x428.png 768w, https:\/\/agentiaimpreuna.ro\/scurtpedoi\/wp-content\/uploads\/2024\/09\/Snip20240912_1-1536x856.png 1536w, https:\/\/agentiaimpreuna.ro\/scurtpedoi\/wp-content\/uploads\/2024\/09\/Snip20240912_1-2048x1142.png 2048w\" sizes=\"(max-width: 1024px) 100vw, 1024px\" \/><\/p>\n<p><b>7. Oana \u0218erban<\/b>, prof. univ. (Facultatea de Filosofie) \u2013<a href=\"https:\/\/www.youtube.com\/watch?v=BYnYkvlSv2A&amp;t=2s\" target=\"_blank\" rel=\"noopener noreferrer nofollow\"> ANTISEMITISM<\/a>;<img loading=\"lazy\" decoding=\"async\" class=\"aligncenter wp-image-1207 size-large\" src=\"https:\/\/agentiaimpreuna.ro\/scurtpedoi\/wp-content\/uploads\/2024\/09\/Snip20240917_2-1024x521.png\" alt=\"\" width=\"1024\" height=\"521\" srcset=\"https:\/\/agentiaimpreuna.ro\/scurtpedoi\/wp-content\/uploads\/2024\/09\/Snip20240917_2-1024x521.png 1024w, https:\/\/agentiaimpreuna.ro\/scurtpedoi\/wp-content\/uploads\/2024\/09\/Snip20240917_2-300x153.png 300w, https:\/\/agentiaimpreuna.ro\/scurtpedoi\/wp-content\/uploads\/2024\/09\/Snip20240917_2-768x391.png 768w, https:\/\/agentiaimpreuna.ro\/scurtpedoi\/wp-content\/uploads\/2024\/09\/Snip20240917_2-1536x782.png 1536w, https:\/\/agentiaimpreuna.ro\/scurtpedoi\/wp-content\/uploads\/2024\/09\/Snip20240917_2.png 1918w\" sizes=\"(max-width: 1024px) 100vw, 1024px\" \/><\/p>\n<p><b>8. Raul Gheba<\/b>, comedian \u2013\u00a0<a href=\"https:\/\/www.youtube.com\/watch?v=CZw53XmWJo0&amp;t=5s\" target=\"_blank\" rel=\"noopener noreferrer nofollow\">COMUNITATE<\/a>;<img loading=\"lazy\" decoding=\"async\" class=\"aligncenter wp-image-1215 size-large\" src=\"https:\/\/agentiaimpreuna.ro\/scurtpedoi\/wp-content\/uploads\/2024\/09\/Snip20240917_3-1024x529.png\" alt=\"\" width=\"1024\" height=\"529\" srcset=\"https:\/\/agentiaimpreuna.ro\/scurtpedoi\/wp-content\/uploads\/2024\/09\/Snip20240917_3-1024x529.png 1024w, https:\/\/agentiaimpreuna.ro\/scurtpedoi\/wp-content\/uploads\/2024\/09\/Snip20240917_3-300x155.png 300w, https:\/\/agentiaimpreuna.ro\/scurtpedoi\/wp-content\/uploads\/2024\/09\/Snip20240917_3-768x397.png 768w, https:\/\/agentiaimpreuna.ro\/scurtpedoi\/wp-content\/uploads\/2024\/09\/Snip20240917_3-1536x794.png 1536w, https:\/\/agentiaimpreuna.ro\/scurtpedoi\/wp-content\/uploads\/2024\/09\/Snip20240917_3.png 1800w\" sizes=\"(max-width: 1024px) 100vw, 1024px\" \/><\/p>\n<p><b>9. Radu Umbre\u0219<\/b>, prof. univ., antropolog \u2013\u00a0<a href=\"https:\/\/www.youtube.com\/watch?v=9lOvIVhlc2c\" target=\"_blank\" rel=\"noopener noreferrer nofollow\">ETNIE \u0218I NA\u021aIONALITATE<\/a>;<img loading=\"lazy\" decoding=\"async\" class=\"aligncenter wp-image-1217 size-large\" src=\"https:\/\/agentiaimpreuna.ro\/scurtpedoi\/wp-content\/uploads\/2024\/09\/Radu-Umbres-1024x573.jpeg\" alt=\"\" width=\"1024\" height=\"573\" srcset=\"https:\/\/agentiaimpreuna.ro\/scurtpedoi\/wp-content\/uploads\/2024\/09\/Radu-Umbres-1024x573.jpeg 1024w, https:\/\/agentiaimpreuna.ro\/scurtpedoi\/wp-content\/uploads\/2024\/09\/Radu-Umbres-300x168.jpeg 300w, https:\/\/agentiaimpreuna.ro\/scurtpedoi\/wp-content\/uploads\/2024\/09\/Radu-Umbres-768x430.jpeg 768w, https:\/\/agentiaimpreuna.ro\/scurtpedoi\/wp-content\/uploads\/2024\/09\/Radu-Umbres-1536x860.jpeg 1536w, https:\/\/agentiaimpreuna.ro\/scurtpedoi\/wp-content\/uploads\/2024\/09\/Radu-Umbres.jpeg 1600w\" sizes=\"(max-width: 1024px) 100vw, 1024px\" \/><\/p>\n<p><b>10. R\u0103zvan Rughini\u0219<\/b>, prof. univ. (Facultatea de Automatic\u0103 \u0219i Calculatoare) \u2013\u00a0<a href=\"https:\/\/www.youtube.com\/watch?v=7V-EjIysiV4&amp;t=9s\" target=\"_blank\" rel=\"noopener noreferrer nofollow\">DISCRIMINARE<\/a>.<img loading=\"lazy\" decoding=\"async\" class=\"aligncenter wp-image-1228 size-large\" src=\"https:\/\/agentiaimpreuna.ro\/scurtpedoi\/wp-content\/uploads\/2024\/09\/Snip20240923_3-1024x510.png\" alt=\"\" width=\"1024\" height=\"510\" srcset=\"https:\/\/agentiaimpreuna.ro\/scurtpedoi\/wp-content\/uploads\/2024\/09\/Snip20240923_3-1024x510.png 1024w, https:\/\/agentiaimpreuna.ro\/scurtpedoi\/wp-content\/uploads\/2024\/09\/Snip20240923_3-300x149.png 300w, https:\/\/agentiaimpreuna.ro\/scurtpedoi\/wp-content\/uploads\/2024\/09\/Snip20240923_3-768x382.png 768w, https:\/\/agentiaimpreuna.ro\/scurtpedoi\/wp-content\/uploads\/2024\/09\/Snip20240923_3-1536x765.png 1536w, https:\/\/agentiaimpreuna.ro\/scurtpedoi\/wp-content\/uploads\/2024\/09\/Snip20240923_3.png 1928w\" sizes=\"(max-width: 1024px) 100vw, 1024px\" \/><\/p>\n<p><!-- \/wp:list --><\/p>\t\t\t\t\t\t<\/div>\n\t\t\t\t<\/div>\n\t\t\t\t\t<\/div>\n\t\t\t\t<\/div>\n\t\t\t\t<\/div>\n\t\t","protected":false},"excerpt":{"rendered":"<p>Dic\u021bionar de vorbe folosite \u00een exces Funda\u021bia Agen\u021bia de Dezvoltare Comunitar\u0103 \u201e\u00cempreun\u0103\u201d lanseaz\u0103 campania de informare \u0219i con\u0219tientizare, \u201eSCURT\/ 2: Dic\u021bionar de vorbe folosite \u00een exces\u201d care \u00ee\u0219i dore\u0219te s\u0103 aduc\u0103 \u00een aten\u021bie concepte tot mai discutate \u00een spa\u021biul public, a c\u0103ror real\u0103 \u00eensemn\u0103tate se pierde \u00een valul de informa\u021bii \u0219i fake-news de care suntem [&hellip;]<\/p>\n","protected":false},"author":1,"featured_media":0,"parent":0,"menu_order":0,"comment_status":"closed","ping_status":"closed","template":"","meta":{"_acf_changed":false,"footnotes":""},"class_list":["post-518","page","type-page","status-publish","hentry"],"blocksy_meta":{"has_hero_section":"disabled","styles_descriptor":{"styles":{"desktop":"","tablet":"","mobile":""},"google_fonts":[],"version":6}},"acf":[],"_links":{"self":[{"href":"https:\/\/agentiaimpreuna.ro\/scurtpedoi\/wp-json\/wp\/v2\/pages\/518","targetHints":{"allow":["GET"]}}],"collection":[{"href":"https:\/\/agentiaimpreuna.ro\/scurtpedoi\/wp-json\/wp\/v2\/pages"}],"about":[{"href":"https:\/\/agentiaimpreuna.ro\/scurtpedoi\/wp-json\/wp\/v2\/types\/page"}],"author":[{"embeddable":true,"href":"https:\/\/agentiaimpreuna.ro\/scurtpedoi\/wp-json\/wp\/v2\/users\/1"}],"replies":[{"embeddable":true,"href":"https:\/\/agentiaimpreuna.ro\/scurtpedoi\/wp-json\/wp\/v2\/comments?post=518"}],"version-history":[{"count":47,"href":"https:\/\/agentiaimpreuna.ro\/scurtpedoi\/wp-json\/wp\/v2\/pages\/518\/revisions"}],"predecessor-version":[{"id":1338,"href":"https:\/\/agentiaimpreuna.ro\/scurtpedoi\/wp-json\/wp\/v2\/pages\/518\/revisions\/1338"}],"wp:attachment":[{"href":"https:\/\/agentiaimpreuna.ro\/scurtpedoi\/wp-json\/wp\/v2\/media?parent=518"}],"curies":[{"name":"wp","href":"https:\/\/api.w.org\/{rel}","templated":true}]}}